{"id":7,"date":"2024-06-01T01:03:31","date_gmt":"2024-05-31T22:03:31","guid":{"rendered":"https:\/\/www.bostancimasoz.com.tr\/?page_id=7"},"modified":"2026-02-26T20:18:24","modified_gmt":"2026-02-26T17:18:24","slug":"home","status":"publish","type":"page","link":"https:\/\/www.bostancimasoz.com.tr\/","title":{"rendered":"Home"},"content":{"rendered":"\n<div class=\"wp-block-cover alignfull is-light\" style=\"min-height:720px;aspect-ratio:unset;\"><span aria-hidden=\"true\" class=\"wp-block-cover__background has-background-dim-100 has-background-dim has-background-gradient\" style=\"background:linear-gradient(35deg,rgb(6,0,151) 0%,rgb(130,4,255) 73%,rgb(193,15,255) 100%)\"><\/span><div class=\"wp-block-cover__inner-container is-layout-flow wp-block-cover-is-layout-flow\">\n<div class=\"inherit-container-width wp-block-group alignwide is-layout-constrained wp-block-group-is-layout-constrained\">\n<div class=\"wp-block-media-text alignwide has-media-on-the-right is-stacked-on-mobile is-vertically-aligned-center\" style=\"grid-template-columns:auto 43%\"><div class=\"wp-block-media-text__content\">\n<h1 class=\"wp-block-heading has-text-align-left has-white-color has-text-color\">Mas\u00f6z Esin<\/h1>\n\n\n\n<p>\u0130stanbul bostanc\u0131 \u0130l\u00e7esinde Bireysel Hizmet Veren Mas\u00f6z \u0130lan\u0131, Masaj E\u011fitimi Alm\u0131\u015f Kendi Evinde Hizmet Veren Mas\u00f6z Bayan<\/p>\n\n\n\n<div class=\"wp-block-buttons is-layout-flex wp-block-buttons-is-layout-flex\">\n<div class=\"wp-block-button\"><a class=\"wp-block-button__link wp-element-button\" href=\"https:\/\/www.atlantisistanbulburada.com\/masoz-profilleri\/\" target=\"_blank\" rel=\"noopener\">\u0130lanlar \u0130\u00e7in T\u0131klay\u0131n\u0131z<\/a><\/div>\n\n\n<\/div>\n<\/div><figure class=\"wp-block-media-text__media\"><img loading=\"lazy\" decoding=\"async\" width=\"254\" height=\"300\" src=\"https:\/\/www.bostancimasoz.com.tr\/wp-content\/uploads\/2024\/09\/e1-254x300.jpg\" alt=\"\" class=\"wp-image-31 size-medium\" srcset=\"https:\/\/www.bostancimasoz.com.tr\/wp-content\/uploads\/2024\/09\/e1-254x300.jpg 254w, https:\/\/www.bostancimasoz.com.tr\/wp-content\/uploads\/2024\/09\/e1.jpg 300w\" sizes=\"auto, (max-width: 254px) 100vw, 254px\" \/><\/figure><\/div>\n<\/div>\n<\/div><\/div>\n\n\n\n<div class=\"wp-block-group alignfull has-ast-global-color-5-background-color has-background is-layout-constrained wp-container-core-group-is-layout-9cedb757 wp-block-group-is-layout-constrained\" style=\"padding-bottom:0px\">\n<div class=\"wp-block-columns are-vertically-aligned-top is-layout-flex wp-container-core-columns-is-layout-00723822 wp-block-columns-is-layout-flex\">\n<div class=\"wp-block-column is-vertically-aligned-top is-layout-flow wp-container-core-column-is-layout-6b73ce23 wp-block-column-is-layout-flow\">\n<figure class=\"wp-block-image size-full\"><img loading=\"lazy\" decoding=\"async\" width=\"500\" height=\"591\" src=\"https:\/\/www.bostancimasoz.com.tr\/wp-content\/uploads\/2024\/09\/e-1.jpg\" alt=\"\" class=\"wp-image-29\" srcset=\"https:\/\/www.bostancimasoz.com.tr\/wp-content\/uploads\/2024\/09\/e-1.jpg 500w, https:\/\/www.bostancimasoz.com.tr\/wp-content\/uploads\/2024\/09\/e-1-254x300.jpg 254w\" sizes=\"auto, (max-width: 500px) 100vw, 500px\" \/><\/figure>\n\n\n\n<h3 class=\"wp-block-heading has-text-align-left\" style=\"margin-top:16px\">Bostanc\u0131 Mas\u00f6z<\/h3>\n\n\n\n<p class=\"has-text-align-left\">Bostanc\u0131 Mas\u00f6z&nbsp;taraf\u0131ndan uzman masajc\u0131 olarak tan\u0131tmak i\u00e7in size ula\u015f\u0131yorum. Konusunda uzun y\u0131llara dayanan tecr\u00fcbemle<\/p>\n<\/div>\n\n\n\n<div class=\"wp-block-column is-vertically-aligned-top is-layout-flow wp-container-core-column-is-layout-6b73ce23 wp-block-column-is-layout-flow\">\n<figure class=\"wp-block-image size-full\"><img loading=\"lazy\" decoding=\"async\" width=\"250\" height=\"277\" src=\"https:\/\/www.bostancimasoz.com.tr\/wp-content\/uploads\/2024\/09\/a.jpg\" alt=\"\" class=\"wp-image-34\"\/><\/figure>\n\n\n\n<h3 class=\"wp-block-heading has-text-align-left\" style=\"margin-top:16px\">Bostanc\u0131 Evde Masaj<\/h3>\n\n\n\n<p class=\"has-text-align-left\">Bostanc\u0131 mas\u00f6z&nbsp;bayan aramalar\u0131nda dikkatli \u015fekilde hareket etmekte fayda var. G\u00fcn\u00fcm\u00fczde bu konuda sertifikas\u0131z \u015fekilde hizmet veren bir\u00e7ok yer mevcut.<\/p>\n<\/div>\n\n\n\n<div class=\"wp-block-column is-vertically-aligned-top is-layout-flow wp-container-core-column-is-layout-6b73ce23 wp-block-column-is-layout-flow\">\n<figure class=\"wp-block-image size-full\"><img loading=\"lazy\" decoding=\"async\" width=\"400\" height=\"538\" src=\"https:\/\/www.bostancimasoz.com.tr\/wp-content\/uploads\/2024\/09\/a1.jpg\" alt=\"\" class=\"wp-image-35\" srcset=\"https:\/\/www.bostancimasoz.com.tr\/wp-content\/uploads\/2024\/09\/a1.jpg 400w, https:\/\/www.bostancimasoz.com.tr\/wp-content\/uploads\/2024\/09\/a1-223x300.jpg 223w\" sizes=\"auto, (max-width: 400px) 100vw, 400px\" \/><\/figure>\n\n\n\n<h3 class=\"wp-block-heading has-text-align-left\" style=\"margin-top:16px\">Mas\u00f6z \u0130lanlar\u0131<\/h3>\n\n\n\n<p class=\"has-text-align-left\">Mas\u00f6z Bostanc\u0131&nbsp;ve \u00e7evresinde \u00e7ok\u00e7a olarak tercih edilmektedir. Masaj yaln\u0131zca rahatlamak amac\u0131yla uygulanmamaktad\u0131r. A\u011fr\u0131 kesici bir etkiye de sahip olan&nbsp;<\/p>\n<\/div>\n\n\n\n<div class=\"wp-block-column is-vertically-aligned-top is-layout-flow wp-container-core-column-is-layout-6b73ce23 wp-block-column-is-layout-flow\">\n<figure class=\"wp-block-image size-large\"><img decoding=\"async\" src=\"https:\/\/www.bostancimasoz.com.tr\/wp-content\/themes\/astra\/inc\/assets\/images\/starter-content\/portfolio.svg\" alt=\"\" class=\"wp-image-137\"\/><\/figure>\n\n\n\n<h3 class=\"wp-block-heading has-text-align-left\" style=\"margin-top:16px\">Bostanc\u0131 Masaj<\/h3>\n\n\n\n<p class=\"has-text-align-left\">Merhabalar, anadolu yakas\u0131&nbsp;bostanc\u0131 mas\u00f6z&nbsp;bayan ,kaymak ben. mas\u00f6z olarak \u0130stanbul bostanc\u0131 b\u00f6lgesinde elit ve nazik hizmet sunuyorum.<\/p>\n<\/div>\n<\/div>\n<\/div>\n\n\n\n<div class=\"wp-block-group alignfull has-background is-layout-constrained wp-container-core-group-is-layout-cfcca693 wp-block-group-is-layout-constrained\" id=\"contact\" style=\"background:linear-gradient(35deg,rgb(6,0,151) 0%,rgb(130,4,255) 64%,rgb(193,15,255) 98%);padding-top:104px;padding-bottom:104px\">\n<h2 class=\"wp-block-heading has-text-align-center has-text-color\" style=\"color:#ffffff\">Bostanc\u0131 Mas\u00f6z \u0130\u00e7in T\u0131klay\u0131n\u0131z<\/h2>\n\n\n\n<div class=\"wp-block-buttons alignwide is-horizontal is-content-justification-center is-layout-flex wp-container-core-buttons-is-layout-bba8380a wp-block-buttons-is-layout-flex\" style=\"margin-top:50px\">\n<div class=\"wp-block-button\"><a class=\"wp-block-button__link wp-element-button\" href=\"https:\/\/wa.me\/+905011552836?text=Merhaba%20Atlantis%20Masaj%20sitesi%20%C3%BCzerinden%20ula%C5%9F%C4%B1yorum%20bilgi%C2%A0alabilirmiyim.%20bilgi%C2%A0alabilirmiyim.%20Mas%C3%B6z%20Cisem%20Han%C4%B1m\" target=\"_blank\" rel=\"noopener\">Make a Website<\/a><\/div>\n<\/div>\n<\/div>\n","protected":false},"excerpt":{"rendered":"<p>Bostanc\u0131 Mas\u00f6z Bostanc\u0131 Mas\u00f6z&nbsp;taraf\u0131ndan uzman masajc\u0131 olarak tan\u0131tmak i\u00e7in size ula\u015f\u0131yorum. Konusunda uzun y\u0131llara dayanan tecr\u00fcbemle Bostanc\u0131 Evde Masaj Bostanc\u0131 [&hellip;]<\/p>\n","protected":false},"author":1,"featured_media":0,"parent":0,"menu_order":0,"comment_status":"closed","ping_status":"closed","template":"","meta":{"rank_math_lock_modified_date":false,"site-sidebar-layout":"no-sidebar","site-content-layout":"plain-container","ast-site-content-layout":"","site-content-style":"default","site-sidebar-style":"default","ast-global-header-display":"","ast-banner-title-visibility":"","ast-main-header-display":"","ast-hfb-above-header-display":"","ast-hfb-below-header-display":"","ast-hfb-mobile-header-display":"","site-post-title":"disabled","ast-breadcrumbs-content":"","ast-featured-img":"","footer-sml-layout":"","theme-transparent-header-meta":"enabled","adv-header-id-meta":"","stick-header-meta":"","header-above-stick-meta":"","header-main-stick-meta":"","header-below-stick-meta":"","astra-migrate-meta-layouts":"default","ast-page-background-enabled":"default","ast-page-background-meta":{"desktop":{"background-color":"var(--ast-global-color-4)","background-image":"","background-repeat":"repeat","background-position":"center center","background-size":"auto","background-attachment":"scroll","background-type":"","background-media":"","overlay-type":"","overlay-color":"","overlay-opacity":"","overlay-gradient":""},"tablet":{"background-color":"","background-image":"","background-repeat":"repeat","background-position":"center center","background-size":"auto","background-attachment":"scroll","background-type":"","background-media":"","overlay-type":"","overlay-color":"","overlay-opacity":"","overlay-gradient":""},"mobile":{"background-color":"","background-image":"","background-repeat":"repeat","background-position":"center center","background-size":"auto","background-attachment":"scroll","background-type":"","background-media":"","overlay-type":"","overlay-color":"","overlay-opacity":"","overlay-gradient":""}},"ast-content-background-meta":{"desktop":{"background-color":"var(--ast-global-color-5)","background-image":"","background-repeat":"repeat","background-position":"center center","background-size":"auto","background-attachment":"scroll","background-type":"","background-media":"","overlay-type":"","overlay-color":"","overlay-opacity":"","overlay-gradient":""},"tablet":{"background-color":"var(--ast-global-color-5)","background-image":"","background-repeat":"repeat","background-position":"center center","background-size":"auto","background-attachment":"scroll","background-type":"","background-media":"","overlay-type":"","overlay-color":"","overlay-opacity":"","overlay-gradient":""},"mobile":{"background-color":"var(--ast-global-color-5)","background-image":"","background-repeat":"repeat","background-position":"center center","background-size":"auto","background-attachment":"scroll","background-type":"","background-media":"","overlay-type":"","overlay-color":"","overlay-opacity":"","overlay-gradient":""}},"footnotes":""},"class_list":["post-7","page","type-page","status-publish","hentry"],"_links":{"self":[{"href":"https:\/\/www.bostancimasoz.com.tr\/index.php\/wp-json\/wp\/v2\/pages\/7","targetHints":{"allow":["GET"]}}],"collection":[{"href":"https:\/\/www.bostancimasoz.com.tr\/index.php\/wp-json\/wp\/v2\/pages"}],"about":[{"href":"https:\/\/www.bostancimasoz.com.tr\/index.php\/wp-json\/wp\/v2\/types\/page"}],"author":[{"embeddable":true,"href":"https:\/\/www.bostancimasoz.com.tr\/index.php\/wp-json\/wp\/v2\/users\/1"}],"replies":[{"embeddable":true,"href":"https:\/\/www.bostancimasoz.com.tr\/index.php\/wp-json\/wp\/v2\/comments?post=7"}],"version-history":[{"count":16,"href":"https:\/\/www.bostancimasoz.com.tr\/index.php\/wp-json\/wp\/v2\/pages\/7\/revisions"}],"predecessor-version":[{"id":60,"href":"https:\/\/www.bostancimasoz.com.tr\/index.php\/wp-json\/wp\/v2\/pages\/7\/revisions\/60"}],"wp:attachment":[{"href":"https:\/\/www.bostancimasoz.com.tr\/index.php\/wp-json\/wp\/v2\/media?parent=7"}],"curies":[{"name":"wp","href":"https:\/\/api.w.org\/{rel}","templated":true}]}}